{"id":5,"date":"2025-08-05T16:31:50","date_gmt":"2025-08-05T16:31:50","guid":{"rendered":"https:\/\/mediumorchid-kudu-590135.hostingersite.com\/about\/"},"modified":"2026-03-02T13:21:53","modified_gmt":"2026-03-02T13:21:53","slug":"sobrenos","status":"publish","type":"page","link":"https:\/\/illamparo.com\/fr\/about_fr\/","title":{"rendered":"\u00c0 Propos"},"content":{"rendered":"\r\n<div class=\"wp-block-cover alignfull is-style-default\" style=\"min-height:500px;aspect-ratio:unset;\"><img loading=\"lazy\" decoding=\"async\" width=\"1920\" height=\"1024\" class=\"wp-block-cover__image-background wp-image-680 size-full\" alt=\"\" src=\"https:\/\/mediumorchid-kudu-590135.hostingersite.com\/wp-content\/uploads\/2026\/01\/bg-il-lamparo-5.webp\" style=\"object-position:50% 60%\" data-object-fit=\"cover\" data-object-position=\"50% 60%\" srcset=\"https:\/\/illamparo.com\/wp-content\/uploads\/2026\/01\/bg-il-lamparo-5.webp 1920w, https:\/\/illamparo.com\/wp-content\/uploads\/2026\/01\/bg-il-lamparo-5-300x160.jpg 300w, https:\/\/illamparo.com\/wp-content\/uploads\/2026\/01\/bg-il-lamparo-5-1024x546.jpg 1024w, https:\/\/illamparo.com\/wp-content\/uploads\/2026\/01\/bg-il-lamparo-5-768x410.jpg 768w, https:\/\/illamparo.com\/wp-content\/uploads\/2026\/01\/bg-il-lamparo-5-1536x819.jpg 1536w\" sizes=\"auto, (max-width: 1920px) 100vw, 1920px\" \/><span aria-hidden=\"true\" class=\"wp-block-cover__background has-background-dim\"><\/span><div class=\"wp-block-cover__inner-container is-layout-flow wp-block-cover-is-layout-flow\">\r\n<div class=\"wp-block-group alignwide\"><div class=\"wp-block-group__inner-container is-layout-constrained wp-block-group-is-layout-constrained\">\r\n<h1 class=\"wp-block-heading has-text-align-center has-white-color has-text-color has-link-color wp-elements-61dbbdf83e1597d82781eb3857eefb9a\">\u00c0 Propos<\/h1>\r\n<\/div><\/div>\r\n<\/div><\/div>\r\n\r\n\r\n\r\n<div style=\"height:50px\" aria-hidden=\"true\" class=\"wp-block-spacer\"><\/div>\r\n\r\n\r\n\r\n<h1 class=\"wp-block-heading has-text-align-center\">il Lamparo<\/h1>\r\n\r\n\r\n\r\n<p class=\"has-text-align-center\"><img loading=\"lazy\" decoding=\"async\" width=\"56\" height=\"28\" class=\"wp-image-327\" style=\"width: 56px;\" src=\"https:\/\/mediumorchid-kudu-590135.hostingersite.com\/wp-content\/uploads\/2025\/08\/color-separator-1.webp\" alt=\"\"><\/p>\r\n\r\n\r\n\r\n<p class=\"has-text-align-left\">De l\u2019amour pour la cuisine, de mon r\u00eave \u00e9ternel de cr\u00e9er un restaurant en bord de mer et du go\u00fbt du d\u00e9fi, est n\u00e9 Il Lamparo en 2001. La cuisine italienne est ancr\u00e9e dans la tradition de ma famille depuis plus de 40 ans. Mais je peux affirmer que, plus qu\u2019un simple savoir-faire, la cuisine italienne est une v\u00e9ritable passion familiale. \r\nCette passion a \u00e9t\u00e9 transmise de g\u00e9n\u00e9ration en g\u00e9n\u00e9ration avec beaucoup de d\u00e9vouement et de respect pour l\u2019art culinaire. Comme le dit ma grand-m\u00e8re : \u00ab la pasta est comme une femme : chi va piano va sano \u00bb.<\/p>\r\n\r\n\r\n\r\n<div style=\"height:50px\" aria-hidden=\"true\" class=\"wp-block-spacer\"><\/div>\r\n\r\n\r\n\r\n<div class=\"wp-block-group\"><div class=\"wp-block-group__inner-container is-layout-flow wp-block-group-is-layout-flow\">\r\n<div class=\"wp-block-group\"><div class=\"wp-block-group__inner-container is-layout-constrained wp-block-group-is-layout-constrained\">\r\n<div class=\"wp-block-columns is-layout-flex wp-container-core-columns-is-layout-9d6595d7 wp-block-columns-is-layout-flex\">\r\n<div class=\"wp-block-column is-layout-flow wp-block-column-is-layout-flow\" style=\"flex-basis:100%\">\r\n<h1 class=\"wp-block-heading has-text-align-center\">Notre Emplacement<\/h1>\r\n\r\n\r\n\r\n<p class=\"has-text-align-center\"><img loading=\"lazy\" decoding=\"async\" width=\"56\" height=\"28\" class=\"wp-image-327\" style=\"width: 56px;\" src=\"https:\/\/mediumorchid-kudu-590135.hostingersite.com\/wp-content\/uploads\/2025\/08\/color-separator-1.webp\" alt=\"\"><\/p>\r\n\r\n\r\n\r\n<iframe src=\"https:\/\/www.google.com\/maps\/embed?pb=!1m18!1m12!1m3!1d3183.0832000052746!2d-8.12222002370045!3d37.079325251914845!2m3!1f0!2f0!3f0!3m2!1i1024!2i768!4f13.1!3m3!1m2!1s0xd1ab593b63a1f11%3A0x2564466580a209e7!2sIl%20Lamparo!5e0!3m2!1spt-PT!2spt!4v1756130396536!5m2!1spt-PT!2spt\" width=\"600\" height=\"450\" style=\"border:0;\" allowfullscreen=\"\" loading=\"lazy\" referrerpolicy=\"no-referrer-when-downgrade\"><\/iframe>\r\n\r\n\r\n\r\n<div style=\"height:50px\" aria-hidden=\"true\" class=\"wp-block-spacer\"><\/div>\r\n\r\n\r\n\r\n<p class=\"has-text-align-center\">Edif\u00edcio Marina Algarve, Loja 1 a 5 8125-401 Quarteira, Portugal<\/p>\r\n<\/div>\r\n<\/div>\r\n<\/div><\/div>\r\n<\/div><\/div>\r\n\r\n\r\n\r\n<div style=\"height:100px\" aria-hidden=\"true\" class=\"wp-block-spacer\"><\/div>\r\n","protected":false},"excerpt":{"rendered":"<p>\u00c0 Propos il Lamparo De l\u2019amour pour la cuisine, de mon r\u00eave \u00e9ternel de cr\u00e9er un restaurant en bord de mer et du go\u00fbt du d\u00e9fi, est n\u00e9 Il Lamparo en 2001. La cuisine italienne est ancr\u00e9e dans la tradition de ma famille depuis plus de 40 ans. Mais je peux affirmer que, plus qu\u2019un [&hellip;]<\/p>\n","protected":false},"author":1,"featured_media":0,"parent":0,"menu_order":0,"comment_status":"closed","ping_status":"closed","template":"","meta":{"ocean_post_layout":"","ocean_both_sidebars_style":"","ocean_both_sidebars_content_width":0,"ocean_both_sidebars_sidebars_width":0,"ocean_sidebar":"","ocean_second_sidebar":"","ocean_disable_margins":"enable","ocean_add_body_class":"","ocean_shortcode_before_top_bar":"","ocean_shortcode_after_top_bar":"","ocean_shortcode_before_header":"","ocean_shortcode_after_header":"","ocean_has_shortcode":"","ocean_shortcode_after_title":"","ocean_shortcode_before_footer_widgets":"","ocean_shortcode_after_footer_widgets":"","ocean_shortcode_before_footer_bottom":"","ocean_shortcode_after_footer_bottom":"","ocean_display_top_bar":"default","ocean_display_header":"default","ocean_header_style":"","ocean_center_header_left_menu":"","ocean_custom_header_template":"","ocean_custom_logo":0,"ocean_custom_retina_logo":0,"ocean_custom_logo_max_width":0,"ocean_custom_logo_tablet_max_width":0,"ocean_custom_logo_mobile_max_width":0,"ocean_custom_logo_max_height":0,"ocean_custom_logo_tablet_max_height":0,"ocean_custom_logo_mobile_max_height":0,"ocean_header_custom_menu":"","ocean_menu_typo_font_family":"","ocean_menu_typo_font_subset":"","ocean_menu_typo_font_size":0,"ocean_menu_typo_font_size_tablet":0,"ocean_menu_typo_font_size_mobile":0,"ocean_menu_typo_font_size_unit":"px","ocean_menu_typo_font_weight":"","ocean_menu_typo_font_weight_tablet":"","ocean_menu_typo_font_weight_mobile":"","ocean_menu_typo_transform":"","ocean_menu_typo_transform_tablet":"","ocean_menu_typo_transform_mobile":"","ocean_menu_typo_line_height":0,"ocean_menu_typo_line_height_tablet":0,"ocean_menu_typo_line_height_mobile":0,"ocean_menu_typo_line_height_unit":"","ocean_menu_typo_spacing":0,"ocean_menu_typo_spacing_tablet":0,"ocean_menu_typo_spacing_mobile":0,"ocean_menu_typo_spacing_unit":"","ocean_menu_link_color":"","ocean_menu_link_color_hover":"","ocean_menu_link_color_active":"","ocean_menu_link_background":"","ocean_menu_link_hover_background":"","ocean_menu_link_active_background":"","ocean_menu_social_links_bg":"","ocean_menu_social_hover_links_bg":"","ocean_menu_social_links_color":"","ocean_menu_social_hover_links_color":"","ocean_disable_title":"default","ocean_disable_heading":"default","ocean_post_title":"","ocean_post_subheading":"","ocean_post_title_style":"","ocean_post_title_background_color":"","ocean_post_title_background":0,"ocean_post_title_bg_image_position":"","ocean_post_title_bg_image_attachment":"","ocean_post_title_bg_image_repeat":"","ocean_post_title_bg_image_size":"","ocean_post_title_height":0,"ocean_post_title_bg_overlay":0.5,"ocean_post_title_bg_overlay_color":"","ocean_disable_breadcrumbs":"default","ocean_breadcrumbs_color":"","ocean_breadcrumbs_separator_color":"","ocean_breadcrumbs_links_color":"","ocean_breadcrumbs_links_hover_color":"","ocean_display_footer_widgets":"default","ocean_display_footer_bottom":"default","ocean_custom_footer_template":"","footnotes":""},"class_list":["post-5","page","type-page","status-publish","hentry","entry"],"_links":{"self":[{"href":"https:\/\/illamparo.com\/fr\/wp-json\/wp\/v2\/pages\/5","targetHints":{"allow":["GET"]}}],"collection":[{"href":"https:\/\/illamparo.com\/fr\/wp-json\/wp\/v2\/pages"}],"about":[{"href":"https:\/\/illamparo.com\/fr\/wp-json\/wp\/v2\/types\/page"}],"author":[{"embeddable":true,"href":"https:\/\/illamparo.com\/fr\/wp-json\/wp\/v2\/users\/1"}],"replies":[{"embeddable":true,"href":"https:\/\/illamparo.com\/fr\/wp-json\/wp\/v2\/comments?post=5"}],"version-history":[{"count":87,"href":"https:\/\/illamparo.com\/fr\/wp-json\/wp\/v2\/pages\/5\/revisions"}],"predecessor-version":[{"id":1089,"href":"https:\/\/illamparo.com\/fr\/wp-json\/wp\/v2\/pages\/5\/revisions\/1089"}],"wp:attachment":[{"href":"https:\/\/illamparo.com\/fr\/wp-json\/wp\/v2\/media?parent=5"}],"curies":[{"name":"wp","href":"https:\/\/api.w.org\/{rel}","templated":true}]}}