{"id":809,"date":"2026-01-30T15:17:18","date_gmt":"2026-01-30T15:17:18","guid":{"rendered":"https:\/\/mediumorchid-kudu-590135.hostingersite.com\/?page_id=809"},"modified":"2026-03-02T13:20:32","modified_gmt":"2026-03-02T13:20:32","slug":"reservas","status":"publish","type":"page","link":"https:\/\/illamparo.com\/fr\/reservation_fr\/","title":{"rendered":"R\u00e9servation"},"content":{"rendered":"\r\n<div style=\"height:50px\" aria-hidden=\"true\" class=\"wp-block-spacer\"><\/div>\r\n\r\n\r\n\r\n<h1 class=\"wp-block-heading alignwide has-text-align-center\">R\u00e9serve<\/h1>\r\n\r\n\r\n\r\n<div style=\"height:50px\" aria-hidden=\"true\" class=\"wp-block-spacer\"><\/div>\r\n\r\n\r\n\r\n<p style=\"font-size:15px\"><strong>Nous serons ravis de vous accueillir.<\/strong><br>Vous pouvez r\u00e9server via WhatsApp ou gr\u00e2ce au formulaire disponible sur cette page. Notre \u00e9quipe vous confirmera la disponibilit\u00e9.<br>Veuillez r\u00e9server au moins 3 heures \u00e0 l&#8217;avance et attendre la confirmation de disponibilit\u00e9.<\/p>\r\n\r\n\r\n\r\n<div style=\"height:50px\" aria-hidden=\"true\" class=\"wp-block-spacer\"><\/div>\r\n\r\n\r\n\r\n<div class=\"wp-block-buttons is-content-justification-center is-layout-flex wp-container-core-buttons-is-layout-16018d1d wp-block-buttons-is-layout-flex\">\r\n<div class=\"wp-block-button is-style-outline is-style-outline--1\"><a class=\"wp-block-button__link has-vivid-green-cyan-color has-text-color has-link-color has-medium-font-size has-text-align-center has-custom-font-size wp-element-button\" href=\"https:\/\/wa.me\/351934056783?text=Bonjour%20je%20souhaite%20faire%20une%20r\u00e9servation\" target=\"_blank\" rel=\"noreferrer noopener\">WhatsApp<\/a><\/div>\r\n<\/div>\r\n\r\n\r\n\r\n<div style=\"height:50px\" aria-hidden=\"true\" class=\"wp-block-spacer\"><\/div>\r\n\r\n\r\n\r\n<h1 class=\"wp-block-heading has-text-align-center\">R\u00e9servation en ligne<\/h1>\r\n\r\n\r\n\r\n<div class=\"wp-block-group\"><div class=\"wp-block-group__inner-container is-layout-constrained wp-block-group-is-layout-constrained\"><style id=\"wpforms-css-vars-1141-block-143ff220-bf60-4324-9dc6-d9e75c013588\">\n\t\t\t\t#wpforms-1141.wpforms-block-143ff220-bf60-4324-9dc6-d9e75c013588 {\n\t\t\t\t--wpforms-button-border-radius: 10px;\n--wpforms-button-background-color: #c59d5f;\n--wpforms-field-size-input-height: 43px;\n--wpforms-field-size-input-spacing: 15px;\n--wpforms-field-size-font-size: 16px;\n--wpforms-field-size-line-height: 19px;\n--wpforms-field-size-padding-h: 14px;\n--wpforms-field-size-checkbox-size: 16px;\n--wpforms-field-size-sublabel-spacing: 5px;\n--wpforms-field-size-icon-size: 1;\n--wpforms-label-size-font-size: 16px;\n--wpforms-label-size-line-height: 19px;\n--wpforms-label-size-sublabel-font-size: 14px;\n--wpforms-label-size-sublabel-line-height: 17px;\n--wpforms-button-size-font-size: 17px;\n--wpforms-button-size-height: 41px;\n--wpforms-button-size-padding-h: 15px;\n--wpforms-button-size-margin-top: 10px;\n--wpforms-container-shadow-size-box-shadow: none;\n\t\t\t}\n\t\t\t<\/style><div class=\"wpforms-container wpforms-container-full wpforms-block wpforms-block-143ff220-bf60-4324-9dc6-d9e75c013588 wpforms-render-modern\" id=\"wpforms-1141\"><form id=\"wpforms-form-1141\" class=\"wpforms-validate wpforms-form wpforms-ajax-form\" data-formid=\"1141\" method=\"post\" enctype=\"multipart\/form-data\" action=\"\/fr\/wp-json\/wp\/v2\/pages\/809\" data-token=\"c7bcd0c5f28b1ff13bb1aa8c769daec3\" data-token-time=\"1776487443\"><noscript class=\"wpforms-error-noscript\">Veuillez activer JavaScript dans votre navigateur pour remplir ce formulaire.<\/noscript><div id=\"wpforms-error-noscript\" style=\"display: none;\">Veuillez activer JavaScript dans votre navigateur pour remplir ce formulaire.<\/div><div class=\"wpforms-field-container\"><div id=\"wpforms-1141-field_1-container\" class=\"wpforms-field wpforms-field-name\" data-field-id=\"1\"><label class=\"wpforms-field-label wpforms-label-hide\" for=\"wpforms-1141-field_1\" aria-hidden=\"false\">Nom <span class=\"wpforms-required-label\" aria-hidden=\"true\">*<\/span><\/label><input type=\"text\" id=\"wpforms-1141-field_1\" class=\"wpforms-field-medium wpforms-field-required\" name=\"wpforms[fields][1]\" placeholder=\"Nom\" aria-errormessage=\"wpforms-1141-field_1-error\" required><\/div><div id=\"wpforms-1141-field_2-container\" class=\"wpforms-field wpforms-field-email\" data-field-id=\"2\"><label class=\"wpforms-field-label wpforms-label-hide\" for=\"wpforms-1141-field_2\" aria-hidden=\"false\">E-mail <span class=\"wpforms-required-label\" aria-hidden=\"true\">*<\/span><\/label><input type=\"email\" id=\"wpforms-1141-field_2\" class=\"wpforms-field-small wpforms-field-required\" data-disable-suggestions=\"1\" name=\"wpforms[fields][2]\" placeholder=\"E-mail\" spellcheck=\"false\" aria-errormessage=\"wpforms-1141-field_2-error\" required><\/div><div id=\"wpforms-1141-field_13-container\" class=\"wpforms-field wpforms-field-phone\" data-field-id=\"13\"><label class=\"wpforms-field-label wpforms-label-hide\" for=\"wpforms-1141-field_13\" aria-hidden=\"false\">T\u00e9l\u00e9phone <span class=\"wpforms-required-label\" aria-hidden=\"true\">*<\/span><\/label><input type=\"tel\" id=\"wpforms-1141-field_13\" class=\"wpforms-field-small wpforms-field-required wpforms-smart-phone-field\" data-rule-smart-phone-field=\"true\" name=\"wpforms[fields][13]\" placeholder=\"T\u00e9l\u00e9phone\" aria-label=\"T\u00e9l\u00e9phone\" aria-errormessage=\"wpforms-1141-field_13-error\" required><\/div><div id=\"wpforms-1141-field_14-container\" class=\"wpforms-field wpforms-field-date-time\" data-field-id=\"14\"><fieldset><legend class=\"wpforms-field-label wpforms-label-hide\" aria-hidden=\"false\">Date et Heure <span class=\"wpforms-required-label\" aria-hidden=\"true\">*<\/span><\/legend><div class=\"wpforms-field-row wpforms-field-small\"><div class=\"wpforms-field-row-block wpforms-date-type-datepicker\"><div class=\"wpforms-datepicker-wrap\"><input type=\"text\" id=\"wpforms-1141-field_14\" class=\"wpforms-field-date-time-date wpforms-datepicker wpforms-field-required\" data-date-format=\"d\/m\/Y\" data-disable-past-dates=\"1\" data-disable-todays-date=\"0\" data-input=\"true\" name=\"wpforms[fields][14][date]\" placeholder=\"Date\" aria-errormessage=\"wpforms-1141-field_14-error\" required><a title=\"Effacer la date\" data-clear role=\"button\" tabindex=\"0\" class=\"wpforms-datepicker-clear\" aria-label=\"Effacer la date\" style=\"display:none;\"><\/a><\/div><label for=\"wpforms-1141-field_14\" class=\"wpforms-field-sublabel after wpforms-sublabel-hide\">Date<\/label><\/div><div class=\"wpforms-field-row-block\"><input type=\"text\" id=\"wpforms-1141-field_14-time\" class=\"wpforms-field-date-time-time wpforms-timepicker wpforms-field-required\" data-time-format=\"H:i\" data-step=\"30\" data-rule-time24h=\"true\" data-min-time=\"12:00\" data-max-time=\"23:00\" data-rule-time-limit=\"true\" name=\"wpforms[fields][14][time]\" placeholder=\"Heure\" aria-errormessage=\"wpforms-1141-field_14-time-error\" required><label for=\"wpforms-1141-field_14-time\" class=\"wpforms-field-sublabel after wpforms-sublabel-hide\">Heure<\/label><\/div><\/div><\/fieldset><\/div>\t\t<div id=\"wpforms-1141-field_3-container\"\n\t\t\tclass=\"wpforms-field wpforms-field-text\"\n\t\t\tdata-field-type=\"text\"\n\t\t\tdata-field-id=\"3\"\n\t\t\t>\n\t\t\t<label class=\"wpforms-field-label\" for=\"wpforms-1141-field_3\" >Heure ou Ext\u00e9rieur<\/label>\n\t\t\t<input type=\"text\" id=\"wpforms-1141-field_3\" class=\"wpforms-field-medium\" name=\"wpforms[fields][3]\" >\n\t\t<\/div>\n\t\t<div id=\"wpforms-1141-field_8-container\" class=\"wpforms-field wpforms-field-number\" data-field-id=\"8\"><label class=\"wpforms-field-label wpforms-label-hide\" for=\"wpforms-1141-field_8\" aria-hidden=\"false\">Nombre de personnes <span class=\"wpforms-required-label\" aria-hidden=\"true\">*<\/span><\/label><input type=\"number\" id=\"wpforms-1141-field_8\" class=\"wpforms-field-small wpforms-field-required\" name=\"wpforms[fields][8]\" placeholder=\"Nombre de personnes\" min=\"1\" max=\"25\" step=\"any\" aria-errormessage=\"wpforms-1141-field_8-error\" required><\/div><div id=\"wpforms-1141-field_10-container\" class=\"wpforms-field wpforms-field-select wpforms-field-select-style-classic\" data-field-id=\"10\"><label class=\"wpforms-field-label wpforms-label-hide\" for=\"wpforms-1141-field_10\" aria-hidden=\"false\">Int\u00e9rieur ou Ext\u00e9rieur <span class=\"wpforms-required-label\" aria-hidden=\"true\">*<\/span><\/label><select id=\"wpforms-1141-field_10\" class=\"wpforms-field-small wpforms-field-required\" name=\"wpforms[fields][10]\" required=\"required\"><option value=\"\" class=\"placeholder\" disabled  selected='selected'>&#8212; Int\u00e9rieur ou Ext\u00e9rieur &#8212;<\/option><option value=\"Int\u00e9rieur\"  class=\"choice-1 depth-1\"  >Int\u00e9rieur<\/option><option value=\"Ext\u00e9rieur\"  class=\"choice-2 depth-1\"  >Ext\u00e9rieur<\/option><\/select><div id=\"wpforms-1141-field_10-description\" class=\"wpforms-field-description\">Sous r\u00e9serve de disponibilit\u00e9<\/div><\/div><div id=\"wpforms-1141-field_7-container\" class=\"wpforms-field wpforms-field-textarea\" data-field-id=\"7\"><label class=\"wpforms-field-label wpforms-label-hide\" for=\"wpforms-1141-field_7\" aria-hidden=\"false\">Message<\/label><textarea id=\"wpforms-1141-field_7\" class=\"wpforms-field-small wpforms-limit-characters-enabled\" data-form-id=\"1141\" data-field-id=\"7\" data-text-limit=\"150\" name=\"wpforms[fields][7]\" placeholder=\"Message\" aria-errormessage=\"wpforms-1141-field_7-error\" maxlength=\"150\" ><\/textarea><\/div><script>\n\t\t\t\t( function() {\n\t\t\t\t\tconst style = document.createElement( 'style' );\n\t\t\t\t\tstyle.appendChild( document.createTextNode( '#wpforms-1141-field_3-container { position: absolute !important; overflow: hidden !important; display: inline !important; height: 1px !important; width: 1px !important; z-index: -1000 !important; padding: 0 !important; } #wpforms-1141-field_3-container input { visibility: hidden; } #wpforms-conversational-form-page #wpforms-1141-field_3-container label { counter-increment: none; }' ) );\n\t\t\t\t\tdocument.head.appendChild( style );\n\t\t\t\t\tdocument.currentScript?.remove();\n\t\t\t\t} )();\n\t\t\t<\/script><\/div><!-- .wpforms-field-container --><div class=\"wpforms-submit-container\" ><input type=\"hidden\" name=\"wpforms[id]\" value=\"1141\"><input type=\"hidden\" name=\"page_title\" value=\"\"><input type=\"hidden\" name=\"page_url\" value=\"https:\/\/illamparo.com\/fr\/wp-json\/wp\/v2\/pages\/809\"><input type=\"hidden\" name=\"url_referer\" value=\"\"><button type=\"submit\" name=\"wpforms[submit]\" id=\"wpforms-submit-1141\" class=\"wpforms-submit\" data-alt-text=\"Envoi...\" data-submit-text=\"R\u00e9server\" aria-live=\"assertive\" value=\"wpforms-submit\">R\u00e9server<\/button><img loading=\"lazy\" decoding=\"async\" src=\"https:\/\/illamparo.com\/wp-content\/plugins\/wpforms\/assets\/images\/submit-spin.svg\" class=\"wpforms-submit-spinner\" style=\"display: none;\" width=\"26\" height=\"26\" alt=\"Chargement en cours\"><\/div><\/form><\/div>  <!-- .wpforms-container --><\/div><\/div>\r\n","protected":false},"excerpt":{"rendered":"<p>R\u00e9serve Nous serons ravis de vous accueillir.Vous pouvez r\u00e9server via WhatsApp ou gr\u00e2ce au formulaire disponible sur cette page. Notre \u00e9quipe vous confirmera la disponibilit\u00e9.Veuillez r\u00e9server au moins 3 heures \u00e0 l&#8217;avance et attendre la confirmation de disponibilit\u00e9. WhatsApp R\u00e9servation en ligne<\/p>\n","protected":false},"author":1,"featured_media":0,"parent":0,"menu_order":0,"comment_status":"closed","ping_status":"closed","template":"","meta":{"ocean_post_layout":"","ocean_both_sidebars_style":"","ocean_both_sidebars_content_width":0,"ocean_both_sidebars_sidebars_width":0,"ocean_sidebar":"","ocean_second_sidebar":"","ocean_disable_margins":"enable","ocean_add_body_class":"","ocean_shortcode_before_top_bar":"","ocean_shortcode_after_top_bar":"","ocean_shortcode_before_header":"","ocean_shortcode_after_header":"","ocean_has_shortcode":"","ocean_shortcode_after_title":"","ocean_shortcode_before_footer_widgets":"","ocean_shortcode_after_footer_widgets":"","ocean_shortcode_before_footer_bottom":"","ocean_shortcode_after_footer_bottom":"","ocean_display_top_bar":"default","ocean_display_header":"default","ocean_header_style":"","ocean_center_header_left_menu":"","ocean_custom_header_template":"","ocean_custom_logo":0,"ocean_custom_retina_logo":0,"ocean_custom_logo_max_width":0,"ocean_custom_logo_tablet_max_width":0,"ocean_custom_logo_mobile_max_width":0,"ocean_custom_logo_max_height":0,"ocean_custom_logo_tablet_max_height":0,"ocean_custom_logo_mobile_max_height":0,"ocean_header_custom_menu":"","ocean_menu_typo_font_family":"","ocean_menu_typo_font_subset":"","ocean_menu_typo_font_size":0,"ocean_menu_typo_font_size_tablet":0,"ocean_menu_typo_font_size_mobile":0,"ocean_menu_typo_font_size_unit":"px","ocean_menu_typo_font_weight":"","ocean_menu_typo_font_weight_tablet":"","ocean_menu_typo_font_weight_mobile":"","ocean_menu_typo_transform":"","ocean_menu_typo_transform_tablet":"","ocean_menu_typo_transform_mobile":"","ocean_menu_typo_line_height":0,"ocean_menu_typo_line_height_tablet":0,"ocean_menu_typo_line_height_mobile":0,"ocean_menu_typo_line_height_unit":"","ocean_menu_typo_spacing":0,"ocean_menu_typo_spacing_tablet":0,"ocean_menu_typo_spacing_mobile":0,"ocean_menu_typo_spacing_unit":"","ocean_menu_link_color":"","ocean_menu_link_color_hover":"","ocean_menu_link_color_active":"","ocean_menu_link_background":"","ocean_menu_link_hover_background":"","ocean_menu_link_active_background":"","ocean_menu_social_links_bg":"","ocean_menu_social_hover_links_bg":"","ocean_menu_social_links_color":"","ocean_menu_social_hover_links_color":"","ocean_disable_title":"default","ocean_disable_heading":"default","ocean_post_title":"","ocean_post_subheading":"","ocean_post_title_style":"","ocean_post_title_background_color":"","ocean_post_title_background":0,"ocean_post_title_bg_image_position":"","ocean_post_title_bg_image_attachment":"","ocean_post_title_bg_image_repeat":"","ocean_post_title_bg_image_size":"","ocean_post_title_height":0,"ocean_post_title_bg_overlay":0.5,"ocean_post_title_bg_overlay_color":"","ocean_disable_breadcrumbs":"default","ocean_breadcrumbs_color":"","ocean_breadcrumbs_separator_color":"","ocean_breadcrumbs_links_color":"","ocean_breadcrumbs_links_hover_color":"","ocean_display_footer_widgets":"default","ocean_display_footer_bottom":"default","ocean_custom_footer_template":"","footnotes":""},"class_list":["post-809","page","type-page","status-publish","hentry","entry"],"_links":{"self":[{"href":"https:\/\/illamparo.com\/fr\/wp-json\/wp\/v2\/pages\/809","targetHints":{"allow":["GET"]}}],"collection":[{"href":"https:\/\/illamparo.com\/fr\/wp-json\/wp\/v2\/pages"}],"about":[{"href":"https:\/\/illamparo.com\/fr\/wp-json\/wp\/v2\/types\/page"}],"author":[{"embeddable":true,"href":"https:\/\/illamparo.com\/fr\/wp-json\/wp\/v2\/users\/1"}],"replies":[{"embeddable":true,"href":"https:\/\/illamparo.com\/fr\/wp-json\/wp\/v2\/comments?post=809"}],"version-history":[{"count":31,"href":"https:\/\/illamparo.com\/fr\/wp-json\/wp\/v2\/pages\/809\/revisions"}],"predecessor-version":[{"id":1129,"href":"https:\/\/illamparo.com\/fr\/wp-json\/wp\/v2\/pages\/809\/revisions\/1129"}],"wp:attachment":[{"href":"https:\/\/illamparo.com\/fr\/wp-json\/wp\/v2\/media?parent=809"}],"curies":[{"name":"wp","href":"https:\/\/api.w.org\/{rel}","templated":true}]}}